{"id":1193,"date":"2018-08-28T12:33:36","date_gmt":"2018-08-28T11:33:36","guid":{"rendered":"https:\/\/camp-rastoke.net\/buchungsbestaetigung\/buchung-bestaetigt\/"},"modified":"2024-02-23T20:51:03","modified_gmt":"2024-02-23T19:51:03","slug":"buchung-bestaetigt","status":"publish","type":"page","link":"https:\/\/camp-rastoke.net\/de\/buchungsbestaetigung\/buchung-bestaetigt\/","title":{"rendered":"Reservierung best\u00e4tigt"},"content":{"rendered":"<p>Wir freuen uns, Ihnen mitteilen zu k\u00f6nnen, dass wir Ihre Reservierungsanfrage erhalten und best\u00e4tigt haben.<\/p>\n","protected":false},"excerpt":{"rendered":"<p>Wir freuen uns, Ihnen mitteilen zu k\u00f6nnen, dass wir Ihre Reservierungsanfrage erhalten und best\u00e4tigt haben.<\/p>\n","protected":false},"author":1,"featured_media":0,"parent":1174,"menu_order":0,"comment_status":"closed","ping_status":"closed","template":"","meta":{"inline_featured_image":false,"footnotes":""},"class_list":["post-1193","page","type-page","status-publish","hentry"],"_links":{"self":[{"href":"https:\/\/camp-rastoke.net\/de\/wp-json\/wp\/v2\/pages\/1193","targetHints":{"allow":["GET"]}}],"collection":[{"href":"https:\/\/camp-rastoke.net\/de\/wp-json\/wp\/v2\/pages"}],"about":[{"href":"https:\/\/camp-rastoke.net\/de\/wp-json\/wp\/v2\/types\/page"}],"author":[{"embeddable":true,"href":"https:\/\/camp-rastoke.net\/de\/wp-json\/wp\/v2\/users\/1"}],"replies":[{"embeddable":true,"href":"https:\/\/camp-rastoke.net\/de\/wp-json\/wp\/v2\/comments?post=1193"}],"version-history":[{"count":0,"href":"https:\/\/camp-rastoke.net\/de\/wp-json\/wp\/v2\/pages\/1193\/revisions"}],"up":[{"embeddable":true,"href":"https:\/\/camp-rastoke.net\/de\/wp-json\/wp\/v2\/pages\/1174"}],"wp:attachment":[{"href":"https:\/\/camp-rastoke.net\/de\/wp-json\/wp\/v2\/media?parent=1193"}],"curies":[{"name":"wp","href":"https:\/\/api.w.org\/{rel}","templated":true}]}}