{"id":1180,"date":"2023-11-24T16:48:22","date_gmt":"2023-11-24T15:48:22","guid":{"rendered":"https:\/\/camp-rastoke.net\/politika-privatnosti\/"},"modified":"2024-02-23T20:48:08","modified_gmt":"2024-02-23T19:48:08","slug":"pravila-privatnosti","status":"publish","type":"page","link":"https:\/\/camp-rastoke.net\/hr\/pravila-privatnosti\/","title":{"rendered":"Pravila privatnosti"},"content":{"rendered":"<p>Bla\u0161kovi\u0107 usluge j.d.o.o., Rakova\u010dka ul. 8, 47240 Slunj, OIB: 89681457961, MBS: 081523746 (u daljnjem tekstu: Bla\u0161kovi\u0107 usluge j.d.o.o.) po\u0161tuje Va\u0161u privatnost i sigurnost Va\u0161ih osobnih podataka. Prikupljanje, kori\u0161tenje i obrada Va\u0161ih osobnih podataka provodi se u skladu s ovom Politikom privatnosti te odredbama Zakona o za\u0161titi privatnih podataka (NN 103\/03, 118\/06, 41\/08, 130\/11, 106\/12), odnosno drugih va\u017ee\u0107ih propisa primjenjivih u Republici Hrvatskoj, koji ure\u0111uju za\u0161titu osobnih podataka.<\/p>\n<p>Privatnost na\u0161ih klijenata izrazito nam je va\u017ena i \u010dinimo sve kako bismo sa\u010duvali povjerljivost njihovih podataka. Molimo vas da politiku za\u0161tite osobnih podataka povremeno provjerite s obzirom na mogu\u0107e izmjene.<\/p>\n<h5><strong>Privola korisnika i odustanak<\/strong><\/h5>\n<p>Bla\u0161kovi\u0107 usluge j.d.o.o. prikuplja osobne podatke korisnika koje oni dobrovoljno daju. Smatra se da je prihva\u0107anjem Uvjeta kori\u0161tenja 2digital, obrt za digitalne usluge, a \u010diji sastavni dio \u010dini i ova Izjava o privatnosti i za\u0161titi podataka, korisnik kao svoju privolu i izri\u010dito o\u010ditovao svoju volju kojom oni izra\u017eavaju svoju suglasnost s obradom njegovih osobnih podataka u svrhe kori\u0161tenja usluga koje nudi Bla\u0161kovi\u0107 usluge j.d.o.o. Korisnik u svako doba mo\u017ee povu\u0107i svoju privolu pisanom obavijesti.<\/p>\n<h5><strong>Voditelj obrade podataka<\/strong><\/h5>\n<p>Bla\u0161kovi\u0107 usluge j.d.o.o. voditelj je voditelj obrade va\u0161ih osobnih podataka.<\/p>\n<p>Politika privatnosti se primjenjuje na sve osobne podatke korisnika koje prikupljamo i obra\u0111ujemo, izravno ili putem svojih partnera.<br \/>\nOsobni podatak je svaki podatak koji se odnosi na fizi\u010dku osobu \u010diji je identitet utvr\u0111en ili se mo\u017ee utvrditi, izravno ili neizravno.<br \/>\nObrada podataka je bilo koja radnja izvr\u0161ena na osobnim podacima, poput primjerice prikupljanja, pohrane, upotrebe, uvida i prijenosa osobnih podataka.<br \/>\nOva Politika se ne primjenjuje na anonimne podatke. Anonimni podatak je podatak koji se ne mo\u017ee povezati s odre\u0111enom fizi\u010dkom osobom.<\/p>\n<h5><strong>Koja vrsta podataka se prikuplja?<\/strong><\/h5>\n<p>Bla\u0161kovi\u0107 usluge j.d.o.o. prikuplja sve osobne podatke koji se akumuliraju kada korisnici koriste usluge ponu\u0111ene od 2Bla\u0161kovi\u0107 usluge j.d.o.o. (Internet stranica) i komuniciraju s Bla\u0161kovi\u0107 usluge j.d.o.o. Prikupljaju se samo oni osobni podaci koji su bitni za postizanje svrhe radi koje korisnici koriste ponu\u0111ene usluge i njihov opseg ne\u0107e biti ve\u0107i od onoga \u0161to je nu\u017eno da bi se postigla takva svrha.<\/p>\n<p>Navedeno uklju\u010duje:<\/p>\n<p>Podatke koje korisnici unesu putem online formulara ili koje oni unesu na drugi na\u010din dok koriste usluge Bla\u0161kovi\u0107 usluge j.d.o.o. (primjerice, telefonom ili elektroni\u010dkom po\u0161tom) uklju\u010duju\u0107i i osobne podatke (ime, adresu, telefonski broj, datum ro\u0111enja, spol, sredstvo pla\u0107anja, itd.), korisni\u010dki podaci koji su poslani ili automatski generirani (primjerice, datum i vrijeme kori\u0161tenja usluge, aktualna i prethodno kori\u0161tena stranica, IP adresa, podaci koji se odnose na kori\u0161teni preglednik, \u0161ifra naprave, aktualnu lokaciju, ako su takve informacije dane, itd.), kao i interakcijski podaci ako su dostupni bez instalacije dodatnih programa na kompjuteru (primjerice, pokreti mi\u0161em i klikovi ili stiskanjem tipki tastature na Internet stranici), osobni podaci koje generira Bla\u0161kovi\u0107 usluge j.d.o.o. ili tre\u0107e osobe (primjerice \u0161ifre), korespondencija i druga komunikacija s korisnicima (primjerice, elektroni\u010dka po\u0161ta, telefonski razgovori, koji mogu biti snimani ako je potrebno).<\/p>\n<h5><strong>Svrha obrade podataka<\/strong><\/h5>\n<p>Bla\u0161kovi\u0107 usluge j.d.o.o. mo\u017ee koristiti korisni\u010dke podatke koje prikupi ili koji se za njega prikupe u sljede\u0107e svrhe<\/p>\n<ul>\n<li>Pribavljanje usluga koje nudi Bla\u0161kovi\u0107 usluge j.d.o.o.<\/li>\n<li>Pripreme raznih vrsta statistika koji se odnose na, primjerice, koli\u010dinu pokazanog interesa korisnika za proizvod i usporedbu usluga ili za druge usluge koje Bla\u0161kovi\u0107 usluge j.d.o.o.,<\/li>\n<li>Interni trening i kontrola kvalitete,<\/li>\n<li>Odr\u017eavanja i razvoja odnosa s klijentima,<\/li>\n<li>Garancije sigurnosti i dostupnosti sustava i podataka Bla\u0161kovi\u0107 usluge j.d.o.o. te njegovih pru\u017eatelja usluga,<\/li>\n<li>Korporativne transakcije koje izvr\u0161i Bla\u0161kovi\u0107 usluge j.d.o.o., a koje mogu imati utjecaj na korisni\u010dke podatke,<\/li>\n<li>Prevencije, otkrivanja i spre\u010davanja bilo kakve zlouporabe,<\/li>\n<li>Odgovaranje na opravdane slu\u017ebene upite ili upite u svezi s dokazivanjem tu\u017ebi ili drugih pravnih sporova koji se ti\u010du Bla\u0161kovi\u0107 usluge j.d.o.o. ili u kojima Bla\u0161kovi\u0107 usluge j.d.o.o. sudjeluje.<\/li>\n<\/ul>\n<p>Daljnje svrhe mogu proiza\u0107i iz danih okolnosti ili zakonskih obveza, ili mogu biti potrebne u sklopu prikupljanja odgovaraju\u0107ih podataka.<\/p>\n<h5><strong>Bro\u0161ure, komercijalna komunikacija<\/strong><\/h5>\n<p>U svezi s uslugama koje nudi Bla\u0161kovi\u0107 usluge j.d.o.o. , isti mo\u017ee periodi\u010dno slati bro\u0161ure ili druge sadr\u017eaje (komercijalne prirode) na adresu ili broj bilo kojeg korisnika koji je registrirao svoju adresu elektroni\u010dke po\u0161te ili bilo koju drugu elektroni\u010dku adresu ili broj mobilnog telefona pri Bla\u0161kovi\u0107 usluge j.d.o.o. Svojom registracijom, korisnici daju svoju suglasnost na primanje takvih bro\u0161ura i sadr\u017eaja. Me\u0111utim, oni mogu obavijestiti Bla\u0161kovi\u0107 usluge j.d.o.o. u bilo koje vrijeme i bez naplate da ne \u017eele vi\u0161e primati ili biti obavije\u0161teni o gore navedenom.<\/p>\n<h5><strong>Proslje\u0111uju li se neki podaci tre\u0107im stranama?<\/strong><\/h5>\n<p>Uz dolje navedene iznimke, Bla\u0161kovi\u0107 usluge j.d.o.o. na\u010delno ne proslje\u0111uje nikakve osobne podatke tre\u0107im osobama:<\/p>\n<p>Bla\u0161kovi\u0107 usluge j.d.o.o. mo\u017ee pozvati tre\u0107e osobe da obrade osobne podatke u ime i isklju\u010divo u svrhu poslovanja Bla\u0161kovi\u0107 usluge j.d.o.o. (npr. Institucije za istra\u017eivanje tr\u017ei\u0161ta). Bla\u0161kovi\u0107 usluge j.d.o.o. \u0107e primijeniti odgovaraju\u0107e mjere kako bi osigurao da takva tre\u0107a osoba obra\u0111uje podatke isklju\u010divo na na\u010din na koji je Bla\u0161kovi\u0107 usluge j.d.o.o. ovla\u0161ten da ih obra\u0111uje;<\/p>\n<p>Bla\u0161kovi\u0107 usluge j.d.o.o. mo\u017ee iznositi osobne podatke tre\u0107im osobama ako njegov korisnik tako zatra\u017ei (registracijom, zahtjevom za ponudom, itd.), ako je to ina\u010de potrebno da bi se pru\u017eila usluga zahtijevana od korisnika ili ako je Bla\u0161kovi\u0107 usluge j.d.o.o. izri\u010dito obavijestio korisnika o \u010dinjenici da \u0107e se njegovi\/njezini podaci iznijeti. U iznimnim slu\u010dajevima (npr. zlouporaba), podaci korisnika mogu se iznijeti i tre\u0107im osobama za druge svrhe navedene u ovoj izjavi o privatnosti podataka ili radi svrhe predvi\u0111ene zakonom. Bla\u0161kovi\u0107 usluge j.d.o.o. ne mo\u017ee kontrolirati, garantirati ili jam\u010diti da se tre\u0107e osobe pridr\u017eavaju pravila o za\u0161titi podataka koja se primjenjuju na Bla\u0161kovi\u0107 usluge j.d.o.o.; oni obra\u0111uju podatke u svoje svrhe, mogu\u0107e i u inozemstvu gdje se primjenjuju druk\u010diji propisi.<\/p>\n<p>Bla\u0161kovi\u0107 usluge j.d.o.o. mo\u017ee iznositi osobne podatke tre\u0107im osobama ako je tako predvi\u0111eno temeljem zakona.<\/p>\n<p>Nadalje, Bla\u0161kovi\u0107 usluge j.d.o.o. mo\u017ee tre\u0107im osobama iznijeti anonimizirane podatke korisnika. Takvi podaci imaju formu koja ne dopu\u0161ta tre\u0107im osobama da saznaju identitet doti\u010dnih korisnika ili to nije vjerojatno.<\/p>\n<p>Svi djelatnici Bla\u0161kovi\u0107 usluge j.d.o.o. i poslovni partneri odgovorni su za po\u0161tivanje na\u010dela za\u0161tite privatnosti putem ugovornih odnosa za Bla\u0161kovi\u0107 usluge j.d.o.o. i povezanim dru\u0161tvima.<\/p>\n<h5><strong>Gdje i kako se \u010duvaju podaci?<\/strong><\/h5>\n<p>U kontekstu spremanja ili obrade podataka korisnika na drugi na\u010din, Bla\u0161kovi\u0107 usluge j.d.o.o. \u0107e primijeniti odgovaraju\u0107e tehni\u010dke i organizacijske mjere kako bi sprije\u010dili neovla\u0161tenu ili na drugi na\u010din nezajam\u010denu obradu. Takve mjere podvrgnute su redovitoj kontroli i po potrebi se mijenjaju. To se tako\u0111er primjenjuje i na tre\u0107e osobe zadu\u017eene za vo\u0111enje sustava.<\/p>\n<p>Osobni podaci \u010duvaju se u obliku koji dopu\u0161ta identifikaciju korisnika i ne du\u017ee no \u0161to je to potrebno za svrhu u koju se podaci prikupljaju ili dalje obra\u0111uju.<\/p>\n<p>Koristimo razne sigurnosne mjere, uklju\u010duju\u0107i enkripciju i autentifikaciju, kako bismo za\u0161titili i odr\u017eali sigurnost, integritet i dostupnost va\u0161ih podataka.<\/p>\n<p>Izme\u0111u ostalog, koristimo i sljede\u0107e mjere:<\/p>\n<ul>\n<li>strogo ograni\u010den osobni pristup va\u0161im podacima po na\u010delu \u201enu\u017enog poznavanja\u201c te isklju\u010divo u svrhe o kojoj ste informirani,<\/li>\n<li>sigurni prijenos prikupljenih podataka,<\/li>\n<li>trajno pra\u0107enje pristupa IT sustavima radi detekcije i sprje\u010davanja zlouporabe osobnih podataka.<\/li>\n<\/ul>\n<h5><strong>Koliko dugo zadr\u017eavamo va\u0161e podatke<\/strong><\/h5>\n<p>Osobne podatke pohranjujemo i obra\u0111ujemo samo onoliko dugo koliko je potrebno za izvr\u0161enje odre\u0111ene legitimne svrhe, osim ako va\u017ee\u0107im propisima nije za pojedinu svrhu predvi\u0111eno du\u017ee vrijeme \u010duvanja. U slu\u010daju davanja privole za marketing, podatke \u010duvamo onoliko dugo dok se privola ne povu\u010de. U slu\u010daju odbijenih ponuda, gdje nije dana privola za marketing, podatke vezane uz ponudu \u010duvamo godinu dana, a u slu\u010daju da nas zatra\u017eite brisanje, isti \u0107e biti odmah obrisani.<\/p>\n<p>Osobni podaci koji vi\u0161e nisu potrebni se ili nepovratno anonimiziraju ili se uni\u0161tavaju na siguran na\u010din.<\/p>\n<h5><strong>Pitanja i prijedlozi, zahtjevi za informacijama, ispravkama ili brisanjima<\/strong><\/h5>\n<p>Korisnik ima pravo u svako doba odustati od privole dane za obradu osobnih podataka i zatra\u017eiti prestanak daljnje obrade njegovih podataka, osim ako se radi o obradi podataka u statisti\u010dke svrhe, kada osobni podaci vi\u0161e ne omogu\u0107uju identifikaciju osobe na koju se odnose. Korisnik tako\u0111er ima pravo zatra\u017eiti ispravak ili izmjenu osobnih podataka koje je dao na obradu. Odustanak od privole ili zahtjev za ispravkom ili izmjenom osobnih podataka dostavlja se pisano putem elektroni\u010dke po\u0161te na <a href=\"mailto:info@camp-rastoke.net\">info@camp-rastoke.net<\/a>ili na po\u0161tansku adresu: Rakova\u010dka ul. 8, 47240 Slunj. Korisnik se ima pravo izri\u010dito usprotiviti obradi svojih osobnih podataka u svrhe marketinga i u tom se slu\u010daju osobni podaci koji se na njega odnose ne\u0107e obra\u0111ivati u tu svrhu. Protivljenje obradi osobnih podataka u svrhe marketinga korisnik \u0107e dostaviti pisano putem elektroni\u010dke po\u0161te na <a href=\"mailto:info@camp-rastoke.net\">info@camp-rastoke.net<\/a>, ili na po\u0161tansku adresu Rakova\u010dka ul. 8, 47240 Slunj. Sva ostala pitanja, prijedlozi i komentari u vezi s obradom osobnih podataka dobrodo\u0161li su.<\/p>\n<p>Svatko tko smatra da mu je povrije\u0111eno neko pravo zajam\u010deno ovim Zakonom, mo\u017ee podnijeti zahtjev za utvr\u0111ivanje povrede prava Agenciji za za\u0161titu osobnih podataka.<\/p>\n<p>Kontakt podaci slu\u017ebenika za za\u0161titu osobnih podataka:<br \/>\n<a href=\"mailto:info@camp-rastoke.net\">info@camp-rastoke.net<\/a><br \/>\n+385 95 901 7425<\/p>\n<p>Bla\u0161kovi\u0107 usluge j.d.o.o.<br \/>\nRakova\u010dka ul. 8, 47240 Slunj<br \/>\nOIB: 89681457961,<br \/>\nMBS: 081523746<\/p>\n","protected":false},"excerpt":{"rendered":"<p>Bla\u0161kovi\u0107 usluge j.d.o.o., Rakova\u010dka ul. 8, 47240 Slunj, OIB: 89681457961, MBS: 081523746 (u daljnjem tekstu: Bla\u0161kovi\u0107 usluge j.d.o.o.) po\u0161tuje Va\u0161u privatnost i sigurnost Va\u0161ih osobnih podataka. Prikupljanje, kori\u0161tenje i obrada Va\u0161ih osobnih podataka provodi se u skladu s ovom Politikom privatnosti te odredbama Zakona o za\u0161titi privatnih podataka (NN 103\/03, 118\/06, 41\/08, 130\/11, 106\/12), odnosno [&hellip;]<\/p>\n","protected":false},"author":1,"featured_media":0,"parent":0,"menu_order":0,"comment_status":"closed","ping_status":"closed","template":"","meta":{"inline_featured_image":false,"footnotes":""},"class_list":["post-1180","page","type-page","status-publish","hentry"],"_links":{"self":[{"href":"https:\/\/camp-rastoke.net\/hr\/wp-json\/wp\/v2\/pages\/1180","targetHints":{"allow":["GET"]}}],"collection":[{"href":"https:\/\/camp-rastoke.net\/hr\/wp-json\/wp\/v2\/pages"}],"about":[{"href":"https:\/\/camp-rastoke.net\/hr\/wp-json\/wp\/v2\/types\/page"}],"author":[{"embeddable":true,"href":"https:\/\/camp-rastoke.net\/hr\/wp-json\/wp\/v2\/users\/1"}],"replies":[{"embeddable":true,"href":"https:\/\/camp-rastoke.net\/hr\/wp-json\/wp\/v2\/comments?post=1180"}],"version-history":[{"count":5,"href":"https:\/\/camp-rastoke.net\/hr\/wp-json\/wp\/v2\/pages\/1180\/revisions"}],"predecessor-version":[{"id":1662,"href":"https:\/\/camp-rastoke.net\/hr\/wp-json\/wp\/v2\/pages\/1180\/revisions\/1662"}],"wp:attachment":[{"href":"https:\/\/camp-rastoke.net\/hr\/wp-json\/wp\/v2\/media?parent=1180"}],"curies":[{"name":"wp","href":"https:\/\/api.w.org\/{rel}","templated":true}]}}