{"id":1207,"date":"2018-08-28T12:33:36","date_gmt":"2018-08-28T11:33:36","guid":{"rendered":"https:\/\/camp-rastoke.net\/potvrda-rezervacije\/transakcija-nije-uspjela\/"},"modified":"2024-02-23T21:01:34","modified_gmt":"2024-02-23T20:01:34","slug":"transakcija-nije-uspjela","status":"publish","type":"page","link":"https:\/\/camp-rastoke.net\/hr\/potvrda-rezervacije\/transakcija-nije-uspjela\/","title":{"rendered":"Transakcija nije uspjela"},"content":{"rendered":"<p>Na\u017ealost, va\u0161a se transakcija trenutno ne mo\u017ee dovr\u0161iti. Poku\u0161ajte ponovo ili nas kontaktirajte.<\/p>\n","protected":false},"excerpt":{"rendered":"<p>Na\u017ealost, va\u0161a se transakcija trenutno ne mo\u017ee dovr\u0161iti. Poku\u0161ajte ponovo ili nas kontaktirajte.<\/p>\n","protected":false},"author":1,"featured_media":0,"parent":1185,"menu_order":0,"comment_status":"closed","ping_status":"closed","template":"","meta":{"inline_featured_image":false,"footnotes":""},"class_list":["post-1207","page","type-page","status-publish","hentry"],"_links":{"self":[{"href":"https:\/\/camp-rastoke.net\/hr\/wp-json\/wp\/v2\/pages\/1207","targetHints":{"allow":["GET"]}}],"collection":[{"href":"https:\/\/camp-rastoke.net\/hr\/wp-json\/wp\/v2\/pages"}],"about":[{"href":"https:\/\/camp-rastoke.net\/hr\/wp-json\/wp\/v2\/types\/page"}],"author":[{"embeddable":true,"href":"https:\/\/camp-rastoke.net\/hr\/wp-json\/wp\/v2\/users\/1"}],"replies":[{"embeddable":true,"href":"https:\/\/camp-rastoke.net\/hr\/wp-json\/wp\/v2\/comments?post=1207"}],"version-history":[{"count":1,"href":"https:\/\/camp-rastoke.net\/hr\/wp-json\/wp\/v2\/pages\/1207\/revisions"}],"predecessor-version":[{"id":1427,"href":"https:\/\/camp-rastoke.net\/hr\/wp-json\/wp\/v2\/pages\/1207\/revisions\/1427"}],"up":[{"embeddable":true,"href":"https:\/\/camp-rastoke.net\/hr\/wp-json\/wp\/v2\/pages\/1185"}],"wp:attachment":[{"href":"https:\/\/camp-rastoke.net\/hr\/wp-json\/wp\/v2\/media?parent=1207"}],"curies":[{"name":"wp","href":"https:\/\/api.w.org\/{rel}","templated":true}]}}