{"id":1212,"date":"2018-08-30T09:08:19","date_gmt":"2018-08-30T08:08:19","guid":{"rendered":"https:\/\/camp-rastoke.net\/uvjeti-koristenja\/"},"modified":"2024-02-23T20:58:44","modified_gmt":"2024-02-23T19:58:44","slug":"uvjeti-koristenja","status":"publish","type":"page","link":"https:\/\/camp-rastoke.net\/hr\/uvjeti-koristenja\/","title":{"rendered":"Uvjeti kori\u0161tenja"},"content":{"rendered":"<h5>1. Uvod<\/h5>\n<p>Ovi Uvjeti i odredbe primjenjuju se na ovu web stranicu i na transakcije povezane s na\u0161im proizvodima i uslugama. Mo\u017eda \u0107ete biti vezani dodatnim ugovorima povezanim s va\u0161im odnosom s nama ili bilo kojim proizvodima ili uslugama koje dobijete od nas. Ako je bilo koja odredba dodatnih ugovora u suprotnosti s bilo kojom odredbom ovih Uvjeta, odredbe tih dodatnih ugovora \u0107e imati prednost i prednost.<\/p>\n<h5>2. Kori\u0161tenje<\/h5>\n<p>Registriranjem, pristupom ili drugim kori\u0161tenjem ove web stranice, ovime se sla\u017eete s ovim Uvjetima i odredbama navedenim u nastavku. Samo kori\u0161tenje ove web stranice podrazumijeva poznavanje i prihva\u0107anje ovih Uvjeta i odredbi. U nekim posebnim slu\u010dajevima, tako\u0111er mo\u017eemo tra\u017eiti da se izri\u010dito sla\u017eete.<\/p>\n<h5>3. Elektroni\u010dka komunikacija<\/h5>\n<p>Kori\u0161tenjem ove web stranice ili komuniciranjem s nama elektroni\u010dkim putem, suglasni ste i potvr\u0111ujete da mo\u017eemo s vama komunicirati elektroni\u010dki na na\u0161oj web stranici ili slanjem e-po\u0161te vama, te ste suglasni da svi ugovori, obavijesti, objave i druga komunikacija koju pru\u017eiti vam elektroni\u010dkim putem udovoljiti svim zakonskim zahtjevima, uklju\u010duju\u0107i ali ne ograni\u010davaju\u0107i se na zahtjev da takva komunikacija bude u pisanom obliku.<\/p>\n<h5>4. Intelektualno vlasni\u0161tvo<\/h5>\n<p>Mi ili na\u0161i davatelji licence posjedujemo i kontroliramo sva autorska prava i druga prava intelektualnog vlasni\u0161tva na web stranici te podatke, informacije i druge resurse prikazane na web stranici ili dostupne na web stranici.<\/p>\n<p><strong>4.1 Sva prava su pridr\u017eana<\/strong><\/p>\n<p>Osim ako odre\u0111eni sadr\u017eaj ne nala\u017ee druga\u010dije, ne dobivate licencu ili bilo koje drugo pravo prema autorskim pravima, za\u0161titnim znakovima, patentima ili drugim pravima intelektualnog vlasni\u0161tva. To zna\u010di da ne\u0107ete koristiti, kopirati, reproducirati, izvoditi, prikazivati, distribuirati, ugra\u0111ivati u bilo koji elektroni\u010dki medij, mijenjati, vr\u0161iti obrnuti in\u017eenjering, dekompilirati, prenositi, preuzimati, prenositi, unov\u010davati, prodavati, plasirati ili komercijalizirati bilo koje resurse na ovoj web stranici u bilo kojem obliku, bez na\u0161eg prethodnog pisanog dopu\u0161tenja, osim i samo u mjeri u kojoj je druga\u010dije propisano propisima obveznog prava (kao \u0161to je pravo na citiranje).<\/p>\n<h5>5. Vlasni\u0161tvo tre\u0107e strane<\/h5>\n<p>Na\u0161a web stranica mo\u017ee sadr\u017eavati hiperveze ili druge reference na web stranice drugih strana. Ne pratimo niti pregledavamo sadr\u017eaj web-mjesta drugih strana na koje se povezuje s ovog web-mjesta. Proizvodi ili usluge koje nude druge web stranice podlije\u017eu va\u017ee\u0107im Uvjetima i odredbama tih tre\u0107ih strana. Izra\u017eena mi\u0161ljenja ili materijali koji se pojavljuju na tim web-mjestima ne moraju nu\u017eno dijeliti niti podr\u017eavati.<\/p>\n<p>Ne\u0107emo biti odgovorni za bilo kakvu praksu privatnosti ili sadr\u017eaj ovih stranica. Vi snosite sve rizike povezane s kori\u0161tenjem ovih web stranica i svih povezanih usluga tre\u0107ih strana. Ne\u0107emo prihvatiti nikakvu odgovornost za bilo kakav gubitak ili \u0161tetu na bilo koji na\u010din, bez obzira na to kako je uzrokovana, koja proizlazi iz va\u0161eg otkrivanja osobnih podataka tre\u0107im stranama.<\/p>\n<h5>6. Odgovorno kori\u0161tenje<\/h5>\n<p>Posjetom na\u0161oj web stranici pristajete koristiti je samo u svrhe za koje je namijenjena i kako je dopu\u0161teno ovim Uvjetima, svim dodatnim ugovorima s nama i primjenjivim zakonima, propisima i op\u0107eprihva\u0107enim mre\u017enim praksama i industrijskim smjernicama. Ne smijete koristiti na\u0161e web mjesto ili usluge za kori\u0161tenje, objavljivanje ili distribuciju bilo kakvog materijala koji se sastoji od (ili je povezan) sa zlonamjernim ra\u010dunalnim softverom; koristiti podatke prikupljene s na\u0161e web stranice za bilo koju izravnu marketin\u0161ku aktivnost ili provoditi bilo kakve sustavne ili automatizirane aktivnosti prikupljanja podataka na na\u0161oj web stranici ili u vezi s njom.<\/p>\n<p>Sudjelovanje u bilo kakvoj aktivnosti koja uzrokuje ili mo\u017ee uzrokovati \u0161tetu na web stranici ili koja ometa rad, dostupnost ili pristupa\u010dnost web stranice strogo je zabranjeno.<\/p>\n<h5>7. Predaja ideja<\/h5>\n<p>Ne \u0161aljite nikakve ideje, izume, autorska djela ili druge informacije koje se mogu smatrati va\u0161im intelektualnim vlasni\u0161tvom, a koje biste nam \u017eeljeli predstaviti, osim ako prethodno nismo potpisali ugovor o intelektualnom vlasni\u0161tvu ili ugovor o tajnosti podataka. Ako nam ga otkrijete bez takvog pisanog ugovora, dajete nam svjetsku, neopozivu, neisklju\u010divu, besplatnu licencu za kori\u0161tenje, reprodukciju, pohranjivanje, prilago\u0111avanje, objavljivanje, prevo\u0111enje i distribuciju va\u0161eg sadr\u017eaja u bilo kojem postoje\u0107em ili budu\u0107em mediju .<\/p>\n<h5>8. Prestanak kori\u0161tenja<\/h5>\n<p>Mo\u017eemo, prema vlastitom naho\u0111enju, u bilo kojem trenutku izmijeniti ili prekinuti pristup, privremeno ili trajno, web stranici ili bilo kojoj usluzi na njoj. Suglasni ste da ne\u0107emo biti odgovorni vama ili bilo kojoj tre\u0107oj strani za bilo kakvu takvu izmjenu, obustavu ili prekid va\u0161eg pristupa ili kori\u0161tenja web stranice ili bilo kojeg sadr\u017eaja koji ste mo\u017eda podijelili na web stranici. Ne\u0107ete imati pravo na bilo kakvu naknadu ili drugu isplatu, \u010dak i ako su odre\u0111ene zna\u010dajke, postavke i\/ili bilo koji Sadr\u017eaj kojem ste pridonijeli ili na koji ste se po\u010deli oslanjati trajno izgubljeni. Ne smijete zaobi\u0107i ili zaobi\u0107i, ili poku\u0161ati zaobi\u0107i ili zaobi\u0107i, bilo koje mjere ograni\u010denja pristupa na na\u0161oj web stranici.<\/p>\n<h5>9. Jamstva i odgovornost<\/h5>\n<p>Ni\u0161ta u ovom odjeljku ne\u0107e ograni\u010diti ili isklju\u010diti bilo koje jastvo implicirano zakonom koje bi bilo protuzakonito ograni\u010diti ili isklju\u010diti. Ovo web-mjesto i sav sadr\u017eaj na web-mjestu pru\u017eaju se na temelju \u201ckakvi jesu\u201d i \u201ckako su dostupni\u201d i mogu sadr\u017eavati neto\u010dnosti ili tiskarske pogre\u0161ke. Izri\u010dito se odri\u010demo svih jamstava bilo koje vrste, izri\u010ditih ili implicitnih, u pogledu dostupnosti, to\u010dnosti ili potpunosti sadr\u017eaja. Ne jam\u010dimo da:<\/p>\n<p>ova web stranica ili na\u0161 sadr\u017eaj zadovoljit \u0107e va\u0161e zahtjeve;<br \/>\novo \u0107e web mjesto biti dostupno bez prekida, pravovremeno, sigurno ili bez gre\u0161aka.<\/p>\n<p>Ni\u0161ta na ovoj web stranici ne predstavlja niti je namijenjeno da predstavlja pravni, financijski ili medicinski savjet bilo koje vrste. Ako trebate savjet, obratite se odgovaraju\u0107em stru\u010dnjaku.<\/p>\n<p>Sljede\u0107e odredbe ovog odjeljka primjenjivat \u0107e se u najve\u0107oj mjeri dopu\u0161tenoj va\u017ee\u0107im zakonom i ne\u0107e ograni\u010diti niti isklju\u010diti na\u0161u odgovornost u pogledu bilo kojeg pitanja za koje bi bilo nezakonito ili nezakonito da ograni\u010dimo ili isklju\u010dimo svoju odgovornost. Ni u kojem slu\u010daju ne\u0107emo biti odgovorni za bilo kakvu izravnu ili neizravnu \u0161tetu (uklju\u010duju\u0107i bilo kakvu \u0161tetu zbog gubitka dobiti ili prihoda, gubitak ili o\u0161te\u0107enje podataka, softvera ili baze podataka, ili gubitak ili o\u0161te\u0107enje imovine ili podataka) koju pretrpite vi ili bilo koja tre\u0107a osoba stranka, koja proizlazi iz va\u0161eg pristupa ili kori\u0161tenja na\u0161e web stranice.<\/p>\n<p>Osim u mjeri u kojoj bilo koji dodatni ugovor izri\u010dito navodi druga\u010dije, na\u0161a maksimalna odgovornost prema vama za svu \u0161tetu koja proizlazi iz ili je povezana s web-mjestom ili bilo kojim proizvodima i uslugama koji se ogla\u0161avaju ili prodaju putem web-mjesta, bez obzira na oblik pravnog postupka koji name\u0107e odgovornost ( bilo u ugovoru, pravednosti, nemaru, namjernom pona\u0161anju, deliktu ili na drugi na\u010din) bit \u0107e ograni\u010dena na ukupnu cijenu koju ste nam platili za kupnju takvih proizvoda ili usluga ili kori\u0161tenje web stranice. Takvo ograni\u010denje primjenjivat \u0107e se ukupno na sve va\u0161e zahtjeve, radnje i uzroke radnji svake vrste i prirode.<\/p>\n<h5>10. Privatnost<\/h5>\n<p>Kako biste pristupili na\u0161oj web stranici i\/ili uslugama, mo\u017eda \u0107ete morati dati odre\u0111ene podatke o sebi kao dio procesa registracije. Suglasni ste da \u0107e sve informacije koje pru\u017eite uvijek biti to\u010dne, to\u010dne i a\u017eurne.<\/p>\n<p>Razvili smo politiku za rje\u0161avanje svih va\u0161ih problema s privatno\u0161\u0107u. Za vi\u0161e informacija pogledajte na\u0161a <a href=\"https:\/\/camp-rastoke.net\/hr\/pravila-privatnosti\/\">Pravila privatnosti<\/a> i na\u0161u Politiku kola\u010di\u0107a.<\/p>\n<h5>11. Ograni\u010denja izvoza \/ Uskla\u0111enost sa zakonima<\/h5>\n<p>Zabranjen je pristup web stranici s teritorija ili zemalja u kojima je sadr\u017eaj ili kupnja proizvoda ili usluga koji se prodaju na web stranici nezakonit. Ne smijete koristiti ovu web stranicu u suprotnosti s izvoznim zakonima i propisima Hrvatske.<\/p>\n<h5>12. Ustupanje<\/h5>\n<p>Ne smijete dodijeliti, prenijeti ili podugovarati bilo koje od svojih prava i\/ili obveza prema ovim Uvjetima i odredbama, u cijelosti ili djelomi\u010dno, bilo kojoj tre\u0107oj strani bez na\u0161eg prethodnog pismenog pristanka. Svaki navodni prijenos koji kr\u0161i ovaj odjeljak bit \u0107e ni\u0161tavan i neva\u017ee\u0107i.<\/p>\n<h5>13. Kr\u0161enja ovih Odredbi i uvjeta<\/h5>\n<p>Ne dovode\u0107i u pitanje na\u0161a druga prava u skladu s ovim Uvjetima i odredbama, ako na bilo koji na\u010din prekr\u0161ite ove Uvjete i odredbe, mo\u017eemo poduzeti radnje koje smatramo prikladnima za rje\u0161avanje kr\u0161enja, uklju\u010duju\u0107i privremenu ili trajnu obustavu va\u0161eg pristupa web stranici, kontaktiranje svog pru\u017eatelja internetskih usluga zatra\u017eiti da blokira va\u0161 pristup web stranici i\/ili pokrenuti pravni postupak protiv vas.<\/p>\n<h5>14. Vi\u0161a sila<\/h5>\n<p>Osim obveza pla\u0107anja novca prema ovome, nikakvo ka\u0161njenje, neuspjeh ili propust bilo koje strane da izvr\u0161i ili po\u0161tuje bilo koju od svojih obveza prema ovome ne\u0107e se smatrati kr\u0161enjem ovih Odredbi i uvjeta ako i sve dok takvo odga\u0111anje, neuspjeh ili propust proizlazi iz bilo kojeg razloga koji je izvan razumne kontrole te strane.<\/p>\n<h5>15. Obe\u0161te\u0107enje<\/h5>\n<p>Suglasni ste da \u0107ete nas obe\u0161tetiti, braniti i osloboditi nas od i protiv svih potra\u017eivanja, obveza, \u0161teta, gubitaka i tro\u0161kova koji se odnose na va\u0161e kr\u0161enje ovih Uvjeta i odredbi te primjenjivih zakona, uklju\u010duju\u0107i prava intelektualnog vlasni\u0161tva i prava na privatnost. Odmah \u0107ete nam nadoknaditi na\u0161u \u0161tetu, gubitke, tro\u0161kove i izdatke koji se odnose ili proizlaze iz takvih zahtjeva.<\/p>\n<h5>16. Odricanje<\/h5>\n<p>Propust u provedbi bilo koje odredbe navedene u ovim Uvjetima i odredbama i bilo kojem Ugovoru, ili propust u iskori\u0161tavanju bilo koje opcije za raskid, ne\u0107e se tuma\u010diti kao odricanje od takvih odredbi i ne\u0107e utjecati na valjanost ovih Uvjeta i odredbi ili bilo kojeg Ugovor ili bilo koji njegov dio, ili pravo na provo\u0111enje svake odredbe.<\/p>\n<h5>17. Jezik<\/h5>\n<p>Ovi Uvjeti \u0107e se tuma\u010diti i tuma\u010diti isklju\u010divo na hrvatskom, engleskom, njema\u010dkom i nizozemskom jeziku. Sve obavijesti i dopisi bit \u0107e pisani isklju\u010divo na tom jeziku.<\/p>\n<h5>18. Cjelokupni ugovor<\/h5>\n<p>Ovi Uvjeti i odredbe, zajedno s na\u0161im <a href=\"https:\/\/camp-rastoke.net\/hr\/pravila-privatnosti\/\">pravilima privatnosti<\/a> i politikom kola\u010di\u0107a, \u010dine cjelokupni ugovor izme\u0111u vas i Bla\u0161kovi\u0107 usluge j.d.o.o. u vezi s va\u0161im kori\u0161tenjem ove web stranice.<\/p>\n<h5>19. A\u017euriranje ovih Odredbi i uvjeta<\/h5>\n<p>S vremena na vrijeme mo\u017eemo a\u017eurirati ove Uvjete i odredbe. Va\u0161a je obveza povremeno provjeravati ove Odredbe i uvjete radi promjena ili a\u017euriranja. Datum naveden na po\u010detku ovih Uvjeta i odredbi je zadnji datum revizije. Promjene ovih Uvjeta i odredbi stupit \u0107e na snagu nakon objavljivanja na ovoj web stranici. Va\u0161e daljnje kori\u0161tenje ove web stranice nakon objavljivanja promjena ili a\u017euriranja smatrat \u0107e se obavijesti o va\u0161em prihva\u0107anju ovih Uvjeta i odredbi i prihva\u0107anju ovih Uvjeta.<\/p>\n<h5>20. Izbor prava i nadle\u017enosti<\/h5>\n<p>Ovi Uvjeti i odredbe podlije\u017eu zakonima Hrvatske. Za sve sporove u vezi s ovim Uvjetima i odredbama nadle\u017eni su sudovi u Hrvatskoj. Ako sud ili drugo tijelo utvrdi da je bilo koji dio ili odredba ovih Uvjeta i odredbi neva\u017ee\u0107i i\/ili neprovediv prema primjenjivom zakonu, takav dio ili odredba bit \u0107e izmijenjeni, izbrisani i\/ili provedeni u najve\u0107oj dopu\u0161tenoj mjeri kako bi izvr\u0161iti namjeru ovih Uvjeta i odredbi. To ne\u0107e utjecati na ostale odredbe.<\/p>\n<h5>21. Podaci za kontakt<\/h5>\n<p>Ovu web stranicu posjeduje i upravlja Bla\u0161kovi\u0107 usluge j.d.o.o.<\/p>\n<p>Mo\u017eete nas kontaktirati u vezi s ovim Uvjetima i odredbama tako da nam pi\u0161ete ili po\u0161aljete e-po\u0161tu na sljede\u0107u adresu: <a href=\"mailto:info@camp-rastoke.net\">info@camp-rastoke.net<\/a><br \/>\nRakova\u010dka ul. 8, 47240 Slunj<\/p>\n","protected":false},"excerpt":{"rendered":"<p>1. Uvod Ovi Uvjeti i odredbe primjenjuju se na ovu web stranicu i na transakcije povezane s na\u0161im proizvodima i uslugama. Mo\u017eda \u0107ete biti vezani dodatnim ugovorima povezanim s va\u0161im odnosom s nama ili bilo kojim proizvodima ili uslugama koje dobijete od nas. Ako je bilo koja odredba dodatnih ugovora u suprotnosti s bilo kojom [&hellip;]<\/p>\n","protected":false},"author":1,"featured_media":0,"parent":0,"menu_order":0,"comment_status":"closed","ping_status":"closed","template":"","meta":{"inline_featured_image":false,"footnotes":""},"class_list":["post-1212","page","type-page","status-publish","hentry"],"_links":{"self":[{"href":"https:\/\/camp-rastoke.net\/hr\/wp-json\/wp\/v2\/pages\/1212","targetHints":{"allow":["GET"]}}],"collection":[{"href":"https:\/\/camp-rastoke.net\/hr\/wp-json\/wp\/v2\/pages"}],"about":[{"href":"https:\/\/camp-rastoke.net\/hr\/wp-json\/wp\/v2\/types\/page"}],"author":[{"embeddable":true,"href":"https:\/\/camp-rastoke.net\/hr\/wp-json\/wp\/v2\/users\/1"}],"replies":[{"embeddable":true,"href":"https:\/\/camp-rastoke.net\/hr\/wp-json\/wp\/v2\/comments?post=1212"}],"version-history":[{"count":0,"href":"https:\/\/camp-rastoke.net\/hr\/wp-json\/wp\/v2\/pages\/1212\/revisions"}],"wp:attachment":[{"href":"https:\/\/camp-rastoke.net\/hr\/wp-json\/wp\/v2\/media?parent=1212"}],"curies":[{"name":"wp","href":"https:\/\/api.w.org\/{rel}","templated":true}]}}