{"id":1219,"date":"2018-08-28T12:40:11","date_gmt":"2018-08-28T11:40:11","guid":{"rendered":"https:\/\/camp-rastoke.net\/dom\/dobrodosli-u-kamp-rastoke\/"},"modified":"2024-02-23T21:03:17","modified_gmt":"2024-02-23T20:03:17","slug":"dobrodosli-u-kamp-rastoke","status":"publish","type":"page","link":"https:\/\/camp-rastoke.net\/hr\/kamp-rastoke\/dobrodosli-u-kamp-rastoke\/","title":{"rendered":"Dobrodo\u0161li u kamp Rastoke"},"content":{"rendered":"<p>Tamo gdje se zagrljaj prirode spaja s udobno\u0161\u0107u suvremenog kampiranja, pozivamo vas da se opustite u srcu Slunja i istra\u017eite ljepotu Plitvi\u010dkih jezera, smje\u0161tenih samo kratkom vo\u017enjom od nas.<\/p>\n","protected":false},"excerpt":{"rendered":"<p>Tamo gdje se zagrljaj prirode spaja s udobno\u0161\u0107u suvremenog kampiranja, pozivamo vas da se opustite u srcu Slunja i istra\u017eite ljepotu Plitvi\u010dkih jezera, smje\u0161tenih samo kratkom vo\u017enjom od nas.<\/p>\n","protected":false},"author":1,"featured_media":2204,"parent":1209,"menu_order":0,"comment_status":"closed","ping_status":"closed","template":"","meta":{"inline_featured_image":false,"footnotes":""},"class_list":["post-1219","page","type-page","status-publish","has-post-thumbnail","hentry"],"_links":{"self":[{"href":"https:\/\/camp-rastoke.net\/hr\/wp-json\/wp\/v2\/pages\/1219","targetHints":{"allow":["GET"]}}],"collection":[{"href":"https:\/\/camp-rastoke.net\/hr\/wp-json\/wp\/v2\/pages"}],"about":[{"href":"https:\/\/camp-rastoke.net\/hr\/wp-json\/wp\/v2\/types\/page"}],"author":[{"embeddable":true,"href":"https:\/\/camp-rastoke.net\/hr\/wp-json\/wp\/v2\/users\/1"}],"replies":[{"embeddable":true,"href":"https:\/\/camp-rastoke.net\/hr\/wp-json\/wp\/v2\/comments?post=1219"}],"version-history":[{"count":2,"href":"https:\/\/camp-rastoke.net\/hr\/wp-json\/wp\/v2\/pages\/1219\/revisions"}],"predecessor-version":[{"id":1604,"href":"https:\/\/camp-rastoke.net\/hr\/wp-json\/wp\/v2\/pages\/1219\/revisions\/1604"}],"up":[{"embeddable":true,"href":"https:\/\/camp-rastoke.net\/hr\/wp-json\/wp\/v2\/pages\/1209"}],"wp:featuredmedia":[{"embeddable":true,"href":"https:\/\/camp-rastoke.net\/hr\/wp-json\/wp\/v2\/media\/2204"}],"wp:attachment":[{"href":"https:\/\/camp-rastoke.net\/hr\/wp-json\/wp\/v2\/media?parent=1219"}],"curies":[{"name":"wp","href":"https:\/\/api.w.org\/{rel}","templated":true}]}}