{"id":1220,"date":"2018-08-28T12:33:36","date_gmt":"2018-08-28T11:33:36","guid":{"rendered":"https:\/\/camp-rastoke.net\/nacini-da-ostanete\/"},"modified":"2024-02-23T20:58:41","modified_gmt":"2024-02-23T19:58:41","slug":"smjestaj","status":"publish","type":"page","link":"https:\/\/camp-rastoke.net\/hr\/smjestaj\/","title":{"rendered":"Smje\u0161taj"},"content":{"rendered":"\t\t<div data-elementor-type=\"wp-page\" data-elementor-id=\"1220\" class=\"elementor elementor-1220 elementor-347\">\n\t\t\t\t<div class=\"elementor-element elementor-element-b7710e4 e-flex e-con-boxed e-con e-parent\" data-id=\"b7710e4\" data-element_type=\"container\">\n\t\t\t\t\t<div class=\"e-con-inner\">\n\t\t\t\t<div class=\"elementor-element elementor-element-57cc68f elementor-widget elementor-widget-text-editor\" data-id=\"57cc68f\" data-element_type=\"widget\" data-widget_type=\"text-editor.default\">\n\t\t\t\t<div class=\"elementor-widget-container\">\n\t\t\t\t\t\t\t<p>Na\u0161 kamp mami sa 17 prostranih parcela za kampiranje i 10 mjesta za \u0161atore, od kojih je svako okru\u017eeno ugodnom hladovinom borova i promi\u0161ljeno opremljeno priklju\u010dcima za struju i vodu.<\/p>\n\t\t\t\t\t\t<\/div>\n\t\t\t\t<\/div>\n\t\t\t\t<div class=\"elementor-element elementor-element-2fe535e7 elementor-widget elementor-widget-text-editor\" data-id=\"2fe535e7\" data-element_type=\"widget\" data-widget_type=\"text-editor.default\">\n\t\t\t\t<div class=\"elementor-widget-container\">\n\t\t\t\t\t\t\t<div class=\"mphb_sc_rooms-wrapper mphb-room-types \"><div class=\"mphb-room-type post-1211 mphb_room_type type-mphb_room_type status-publish has-post-thumbnail mphb-room-type-adults-4 mphb-room-type-children-3 \">\r\n\r\n\t\r\n            <div class=\"room-images-wrapper\">\r\n            \n\n\t<p class=\"post-thumbnail mphb-loop-room-thumbnail\">\n\t<a href=\"https:\/\/camp-rastoke.net\/hr\/accommodation\/mjesto-za-sator\/\">\n\t<img fetchpriority=\"high\" decoding=\"async\" width=\"891\" height=\"891\" src=\"https:\/\/camp-rastoke.net\/wp-content\/uploads\/2024\/06\/kamp-slunj-031p-891x891.webp\" class=\"attachment-campterra-square size-campterra-square wp-post-image\" alt=\"Camp Rastoke Slunj Plitvi\u010dka jezera Plitvice Lakes Kamp Croatia Camping Motorhome Tent Camper Wohnmobile Kamper kampiranje \u0161ator\" srcset=\"https:\/\/camp-rastoke.net\/wp-content\/uploads\/2024\/06\/kamp-slunj-031p-891x891.webp 891w, https:\/\/camp-rastoke.net\/wp-content\/uploads\/2024\/06\/kamp-slunj-031p-150x150.webp 150w\" sizes=\"(max-width: 891px) 100vw, 891px\" \/>\t<\/a>\n\n\t<\/p>\n        <\/div>\r\n        \r\n            <div class=\"room-description-wrapper\">\r\n            \n<h2 class=\"mphb-room-type-title entry-title\">\n\n<a class=\"mphb-room-type-title\" href=\"https:\/\/camp-rastoke.net\/hr\/accommodation\/mjesto-za-sator\/\">Mjesto za \u0161ator<\/a>\n\n<\/h2>\n\n<p>Na\u0161a prostrana mjesta za \u0161atore smje\u0161tena su u umiruju\u0107oj sjeni borove \u0161ume, pru\u017eaju\u0107i mirno uto\u010di\u0161te s dobro opremljenim sanitarijama, omogu\u0107uju\u0107i vam da udobno u\u017eivate u ljepoti prirode. <b> Napomena: osnovna cijena je za 1 mjesto i 1 osobu. Maksimalna popunjenost je 4 osobe po mjestu. Upotrijebite na\u0161 obrazac za rezervaciju kako biste vidjeli kona\u010dnu cijenu. <\/b><\/p>\n\n\n<h3 class=\"mphb-room-type-details-title\">Detalji<\/h3><ul class=\"mphb-loop-room-type-attributes\">\n\t<li class=\"mphb-room-type-total-capacity\"><span class=\"mphb-attribute-title mphb-total-capacity-title\">Gosti:<\/span><span class=\"mphb-attribute-value\">\n\t4\n\t<\/span><\/li>\t\n\n\n\n\n\n\n\t<li class=\"mphb-room-type-size\"><span class=\"mphb-attribute-title mphb-size-title\">Povr\u0161ina:<\/span><span class=\"mphb-attribute-value\">\n\t30m\u00b2\n\t<\/span><\/li>\n\t\n\n\n\n<li class=\"mphb-room-type-amenities mphb-room-type-custom-attribute\"><span class=\"mphb-attribute-title mphb-amenities-title\">Sadr\u017eaji:<\/span><span class=\"mphb-attribute-value\"> <span class=\"amenities-bazen-hr\">Bazen<\/span><span class=\"amenities-dijeljena-struja\">Dijeljena struja<\/span><span class=\"amenities-dijeljena-voda\">Dijeljena voda<\/span><span class=\"amenities-parkirno-mjesto\">Parkirno mjesto<\/span><span class=\"amenities-pranje-posuda\">Pranje posu\u0111a<\/span><span class=\"amenities-wc-i-tus\">WC i tu\u0161<\/span><span class=\"amenities-wifi-hr\">WiFi<\/span><\/span><\/li>\n<\/ul>\n\n\t<p class=\"mphb-regular-price\"><strong>Cijena od:<\/strong>\n\t<span class=\"mphb-price\">15<span class=\"mphb-currency\">&euro;<\/span><\/span> <span class=\"mphb-price-period\" title=\"Odaberi datum i vidi relevantne cijene\">po no\u0107enju<\/span>\n\t<\/p>\n\t        <\/div>\r\n            <div class=\"room-book-wrapper\">\r\n        \n<p class=\"mphb-view-details-button-wrapper\">\n<a class=\"button mphb-view-details-button\" href=\"https:\/\/camp-rastoke.net\/hr\/accommodation\/mjesto-za-sator\/\" >Pogledajte detalje<\/a>\n<\/p>\n<div class=\"mphb-to-book-btn-wrapper\">\n<form action=\"https:\/\/camp-rastoke.net\/hr\/accommodation\/mjesto-za-sator\/#booking-form-1211\" method=\"get\" ><button type=\"submit\" class=\"button mphb-book-button\" >Rezerviraj<\/button><\/form>\n<br\/><\/div>        <\/div>\r\n    \r\n\t\r\n<\/div>\r\n\r\n<div class=\"mphb-room-type post-1167 mphb_room_type type-mphb_room_type status-publish has-post-thumbnail mphb-room-type-adults-6 mphb-room-type-children-5 \">\r\n\r\n\t\r\n            <div class=\"room-images-wrapper\">\r\n            \n\n\t<p class=\"post-thumbnail mphb-loop-room-thumbnail\">\n\t<a href=\"https:\/\/camp-rastoke.net\/hr\/accommodation\/parcela-za-kampiranje\/\">\n\t<img decoding=\"async\" width=\"891\" height=\"891\" src=\"https:\/\/camp-rastoke.net\/wp-content\/uploads\/2024\/06\/kamp-slunj-029p-891x891.webp\" class=\"attachment-campterra-square size-campterra-square wp-post-image\" alt=\"Camp Rastoke Slunj Plitvi\u010dka jezera Plitvice Lakes Kamp Croatia Camping Motorhome Tent Camper Wohnmobile Kamper kampiranje \u0161ator\" srcset=\"https:\/\/camp-rastoke.net\/wp-content\/uploads\/2024\/06\/kamp-slunj-029p-891x891.webp 891w, https:\/\/camp-rastoke.net\/wp-content\/uploads\/2024\/06\/kamp-slunj-029p-150x150.webp 150w\" sizes=\"(max-width: 891px) 100vw, 891px\" \/>\t<\/a>\n\n\t<\/p>\n        <\/div>\r\n        \r\n            <div class=\"room-description-wrapper\">\r\n            \n<h2 class=\"mphb-room-type-title entry-title\">\n\n<a class=\"mphb-room-type-title\" href=\"https:\/\/camp-rastoke.net\/hr\/accommodation\/parcela-za-kampiranje\/\">Parcela za kampiranje<\/a>\n\n<\/h2>\n\n<p>Mjesta za kampiranje za vozila ili kamp prikolice nude savr\u0161en spoj pogodnosti i prirode, s velikim parcelama, priklju\u010dcima za struju i vodu, osiguravaju\u0107i besprijekorno i ugodno iskustvo kampiranja. <b> Napomena: osnovna cijena je za 1 mjesto i 1 osobu. Maksimalna popunjenost je 6 osoba po mjestu. Upotrijebite na\u0161 obrazac za rezervaciju kako biste vidjeli kona\u010dnu cijenu. <\/b><\/p>\n\n\n<h3 class=\"mphb-room-type-details-title\">Detalji<\/h3><ul class=\"mphb-loop-room-type-attributes\">\n\t<li class=\"mphb-room-type-total-capacity\"><span class=\"mphb-attribute-title mphb-total-capacity-title\">Gosti:<\/span><span class=\"mphb-attribute-value\">\n\t6\n\t<\/span><\/li>\t\n\n\n\n\n\n\n\t<li class=\"mphb-room-type-size\"><span class=\"mphb-attribute-title mphb-size-title\">Povr\u0161ina:<\/span><span class=\"mphb-attribute-value\">\n\t100m\u00b2\n\t<\/span><\/li>\n\t\n\n\n\n<li class=\"mphb-room-type-amenities mphb-room-type-custom-attribute\"><span class=\"mphb-attribute-title mphb-amenities-title\">Sadr\u017eaji:<\/span><span class=\"mphb-attribute-value\"> <span class=\"amenities-bazen-hr\">Bazen<\/span><span class=\"amenities-kemijski-wc-i-stanica-za-odlaganje-vode\">Kemijski WC i stanica za odlaganje vode<\/span><span class=\"amenities-parkirno-mjesto\">Parkirno mjesto<\/span><span class=\"amenities-pranje-posuda\">Pranje posu\u0111a<\/span><span class=\"amenities-struja\">Struja<\/span><span class=\"amenities-voda\">Voda<\/span><span class=\"amenities-wc-i-tus\">WC i tu\u0161<\/span><span class=\"amenities-wifi-hr\">WiFi<\/span><\/span><\/li>\n<\/ul>\n\n\t<p class=\"mphb-regular-price\"><strong>Cijena od:<\/strong>\n\t<span class=\"mphb-price\">22<span class=\"mphb-currency\">&euro;<\/span><\/span> <span class=\"mphb-price-period\" title=\"Odaberi datum i vidi relevantne cijene\">po no\u0107enju<\/span>\n\t<\/p>\n\t        <\/div>\r\n            <div class=\"room-book-wrapper\">\r\n        \n<p class=\"mphb-view-details-button-wrapper\">\n<a class=\"button mphb-view-details-button\" href=\"https:\/\/camp-rastoke.net\/hr\/accommodation\/parcela-za-kampiranje\/\" >Pogledajte detalje<\/a>\n<\/p>\n<div class=\"mphb-to-book-btn-wrapper\">\n<form action=\"https:\/\/camp-rastoke.net\/hr\/accommodation\/parcela-za-kampiranje\/#booking-form-1167\" method=\"get\" ><button type=\"submit\" class=\"button mphb-book-button\" >Rezerviraj<\/button><\/form>\n<br\/><\/div>        <\/div>\r\n    \r\n\t\r\n<\/div>\r\n\r\n<div class=\"mphb-room-type post-1199 mphb_room_type type-mphb_room_type status-publish has-post-thumbnail mphb-room-type-adults-6 mphb-room-type-children-5 \">\r\n\r\n\t\r\n            <div class=\"room-images-wrapper\">\r\n            \n\n\t<p class=\"post-thumbnail mphb-loop-room-thumbnail\">\n\t<a href=\"https:\/\/camp-rastoke.net\/hr\/accommodation\/mjesto-za-parking\/\">\n\t<img decoding=\"async\" width=\"891\" height=\"891\" src=\"https:\/\/camp-rastoke.net\/wp-content\/uploads\/2024\/02\/kamp-slunj-016-891x891.webp\" class=\"attachment-campterra-square size-campterra-square wp-post-image\" alt=\"Camp Rastoke Slunj Plitvi\u010dka jezera Plitvice Lakes Kamp Croatia Camping Motorhome Tent Camper Wohnmobile Kamper kampiranje \u0161ator\" srcset=\"https:\/\/camp-rastoke.net\/wp-content\/uploads\/2024\/02\/kamp-slunj-016-891x891.webp 891w, https:\/\/camp-rastoke.net\/wp-content\/uploads\/2024\/02\/kamp-slunj-016-150x150.webp 150w\" sizes=\"(max-width: 891px) 100vw, 891px\" \/>\t<\/a>\n\n\t<\/p>\n        <\/div>\r\n        \r\n            <div class=\"room-description-wrapper\">\r\n            \n<h2 class=\"mphb-room-type-title entry-title\">\n\n<a class=\"mphb-room-type-title\" href=\"https:\/\/camp-rastoke.net\/hr\/accommodation\/mjesto-za-parking\/\">Mjesto za parking<\/a>\n\n<\/h2>\n\n<p>Parking mjesta nude bezbri\u017enu prakti\u010dnost s jednostavnim pristupom, osiguravaju\u0107i siguran i u\u010dinkovit prostor za va\u0161e vozilo dok u\u017eivate u prirodnoj ljepoti i pogodnostima na\u0161eg kampa. <b> Napomena: osnovna cijena je za 1 mjesto i 1 osobu. Maksimalna popunjenost je 6 osoba po mjestu. Upotrijebite na\u0161 obrazac za rezervaciju kako biste vidjeli kona\u010dnu cijenu. <\/b><\/p>\n\n\n<h3 class=\"mphb-room-type-details-title\">Detalji<\/h3><ul class=\"mphb-loop-room-type-attributes\">\n\t<li class=\"mphb-room-type-total-capacity\"><span class=\"mphb-attribute-title mphb-total-capacity-title\">Gosti:<\/span><span class=\"mphb-attribute-value\">\n\t6\n\t<\/span><\/li>\t\n\n\n\n\n\n\n\t<li class=\"mphb-room-type-size\"><span class=\"mphb-attribute-title mphb-size-title\">Povr\u0161ina:<\/span><span class=\"mphb-attribute-value\">\n\t10m\u00b2\n\t<\/span><\/li>\n\t\n\n\n\n<li class=\"mphb-room-type-amenities mphb-room-type-custom-attribute\"><span class=\"mphb-attribute-title mphb-amenities-title\">Sadr\u017eaji:<\/span><span class=\"mphb-attribute-value\"> <span class=\"amenities-parkirno-mjesto\">Parkirno mjesto<\/span><span class=\"amenities-wifi-hr\">WiFi<\/span><\/span><\/li>\n<\/ul>\n\n\t<p class=\"mphb-regular-price\"><strong>Cijena od:<\/strong>\n\t<span class=\"mphb-price\">13<span class=\"mphb-currency\">&euro;<\/span><\/span> <span class=\"mphb-price-period\" title=\"Odaberi datum i vidi relevantne cijene\">po no\u0107enju<\/span>\n\t<\/p>\n\t        <\/div>\r\n            <div class=\"room-book-wrapper\">\r\n        \n<p class=\"mphb-view-details-button-wrapper\">\n<a class=\"button mphb-view-details-button\" href=\"https:\/\/camp-rastoke.net\/hr\/accommodation\/mjesto-za-parking\/\" >Pogledajte detalje<\/a>\n<\/p>\n<div class=\"mphb-to-book-btn-wrapper\">\n<form action=\"https:\/\/camp-rastoke.net\/hr\/accommodation\/mjesto-za-parking\/#booking-form-1199\" method=\"get\" ><button type=\"submit\" class=\"button mphb-book-button\" >Rezerviraj<\/button><\/form>\n<br\/><\/div>        <\/div>\r\n    \r\n\t\r\n<\/div>\r\n\r\n<\/div>\n\t\t\t\t\t\t<\/div>\n\t\t\t\t<\/div>\n\t\t\t\t\t<\/div>\n\t\t\t\t<\/div>\n\t\t\t\t<\/div>\n\t\t","protected":false},"excerpt":{"rendered":"<p>Na\u0161 kamp mami sa 17 prostranih parcela za kampiranje i 10 mjesta za \u0161atore, od kojih je svako okru\u017eeno ugodnom hladovinom borova i promi\u0161ljeno opremljeno priklju\u010dcima za struju i vodu.<\/p>\n","protected":false},"author":1,"featured_media":0,"parent":0,"menu_order":0,"comment_status":"closed","ping_status":"closed","template":"template-page-wide.php","meta":{"inline_featured_image":false,"footnotes":""},"class_list":["post-1220","page","type-page","status-publish","hentry"],"_links":{"self":[{"href":"https:\/\/camp-rastoke.net\/hr\/wp-json\/wp\/v2\/pages\/1220","targetHints":{"allow":["GET"]}}],"collection":[{"href":"https:\/\/camp-rastoke.net\/hr\/wp-json\/wp\/v2\/pages"}],"about":[{"href":"https:\/\/camp-rastoke.net\/hr\/wp-json\/wp\/v2\/types\/page"}],"author":[{"embeddable":true,"href":"https:\/\/camp-rastoke.net\/hr\/wp-json\/wp\/v2\/users\/1"}],"replies":[{"embeddable":true,"href":"https:\/\/camp-rastoke.net\/hr\/wp-json\/wp\/v2\/comments?post=1220"}],"version-history":[{"count":0,"href":"https:\/\/camp-rastoke.net\/hr\/wp-json\/wp\/v2\/pages\/1220\/revisions"}],"wp:attachment":[{"href":"https:\/\/camp-rastoke.net\/hr\/wp-json\/wp\/v2\/media?parent=1220"}],"curies":[{"name":"wp","href":"https:\/\/api.w.org\/{rel}","templated":true}]}}